{"id":1736,"date":"2017-07-24T16:44:56","date_gmt":"2017-07-24T14:44:56","guid":{"rendered":"http:\/\/asteelflash.dev.leeroy.ca\/our-talents\/"},"modified":"2022-06-24T22:50:32","modified_gmt":"2022-06-24T20:50:32","slug":"nos-talents","status":"publish","type":"page","link":"https:\/\/asteelflash.com\/fr\/nos-talents\/","title":{"rendered":"Nous rejoindre"},"content":{"rendered":"<p>Rejoignez l\u2019un des leaders mondiaux de la sous-traitance \u00e9lectronique. De la conception du produit \u00e0 son industrialisation, pr\u00e8s d\u2019une centaine de m\u00e9tiers sont repr\u00e9sent\u00e9s au sein d\u2019Asteelflash. Notre politique RH se veut ambitieuse&nbsp;: construire une fonction RH innovante au plus pr\u00e8s des pr\u00e9occupations des collaborateurs, des managers et des dirigeants. Si vous \u00eates passionn\u00e9 par votre m\u00e9tier, que vous souhaitez laisser votre marque et contribuer au d\u00e9veloppement d\u2019une entreprise dynamique, rejoignez-nous&nbsp;!<\/p>\n","protected":false},"excerpt":{"rendered":"<p>Rejoignez l\u2019un des leaders mondiaux de la sous-traitance \u00e9lectronique. De la conception du produit \u00e0 son industrialisation, pr\u00e8s d\u2019une centaine de m\u00e9tiers sont repr\u00e9sent\u00e9s au sein d\u2019Asteelflash. Notre politique RH se veut ambitieuse&nbsp;: construire une fonction RH innovante au plus pr\u00e8s des pr\u00e9occupations des collaborateurs, des managers et des dirigeants. Si vous \u00eates passionn\u00e9 par<a class=\"excerpt-read-more\" href=\"https:\/\/asteelflash.com\/fr\/nos-talents\/\" title=\"ReadNous rejoindre\">&#8230; Read more &raquo;<\/a><\/p>\n","protected":false},"author":33,"featured_media":612,"parent":0,"menu_order":0,"comment_status":"closed","ping_status":"closed","template":"page--talent.php","meta":{"content-type":"","footnotes":""},"categories":[],"class_list":["post-1736","page","type-page","status-publish","has-post-thumbnail","hentry"],"acf":[],"yoast_head":"<!-- This site is optimized with the Yoast SEO plugin v27.6 - https:\/\/yoast.com\/product\/yoast-seo-wordpress\/ -->\n<title><\/title>\n<meta name=\"description\" content=\"\" \/>\n<meta name=\"robots\" content=\"index, follow, max-snippet:-1, max-image-preview:large, max-video-preview:-1\" \/>\n<link rel=\"canonical\" href=\"https:\/\/asteelflash.com\/fr\/nos-talents\/\" \/>\n<meta property=\"og:locale\" content=\"fr_FR\" \/>\n<meta property=\"og:type\" content=\"article\" \/>\n<meta property=\"og:title\" content=\"\" \/>\n<meta property=\"og:description\" content=\"\" \/>\n<meta property=\"og:url\" content=\"https:\/\/asteelflash.com\/fr\/nos-talents\/\" \/>\n<meta property=\"og:site_name\" content=\"Asteelflash\" \/>\n<meta property=\"article:modified_time\" content=\"2022-06-24T20:50:32+00:00\" \/>\n<meta property=\"og:image\" content=\"https:\/\/asteelflash.com\/wp-content\/uploads\/2017\/07\/bkg_talents.jpg\" \/>\n\t<meta property=\"og:image:width\" content=\"1280\" \/>\n\t<meta property=\"og:image:height\" content=\"518\" \/>\n\t<meta property=\"og:image:type\" content=\"image\/jpeg\" \/>\n<meta name=\"twitter:card\" content=\"summary_large_image\" \/>\n<meta name=\"twitter:label1\" content=\"Dur\u00e9e de lecture estim\u00e9e\" \/>\n\t<meta name=\"twitter:data1\" content=\"1 minute\" \/>\n<script type=\"application\/ld+json\" class=\"yoast-schema-graph\">{\"@context\":\"https:\\\/\\\/schema.org\",\"@graph\":[{\"@type\":\"WebPage\",\"@id\":\"https:\\\/\\\/asteelflash.com\\\/fr\\\/nos-talents\\\/\",\"url\":\"https:\\\/\\\/asteelflash.com\\\/fr\\\/nos-talents\\\/\",\"name\":\"Asteelflash - Talents & Carri?re\",\"isPartOf\":{\"@id\":\"https:\\\/\\\/asteelflash.com\\\/#website\"},\"primaryImageOfPage\":{\"@id\":\"https:\\\/\\\/asteelflash.com\\\/fr\\\/nos-talents\\\/#primaryimage\"},\"image\":{\"@id\":\"https:\\\/\\\/asteelflash.com\\\/fr\\\/nos-talents\\\/#primaryimage\"},\"thumbnailUrl\":\"https:\\\/\\\/asteelflash.com\\\/wp-content\\\/uploads\\\/2017\\\/07\\\/bkg_talents.jpg\",\"datePublished\":\"2017-07-24T14:44:56+00:00\",\"dateModified\":\"2022-06-24T20:50:32+00:00\",\"description\":\"D?couvrez les talents qui travaillent chez Asteelflash et devenez l'un d'entre eux #WeAreAsteelflash\",\"breadcrumb\":{\"@id\":\"https:\\\/\\\/asteelflash.com\\\/fr\\\/nos-talents\\\/#breadcrumb\"},\"inLanguage\":\"fr-FR\",\"potentialAction\":[{\"@type\":\"ReadAction\",\"target\":[\"https:\\\/\\\/asteelflash.com\\\/fr\\\/nos-talents\\\/\"]}]},{\"@type\":\"ImageObject\",\"inLanguage\":\"fr-FR\",\"@id\":\"https:\\\/\\\/asteelflash.com\\\/fr\\\/nos-talents\\\/#primaryimage\",\"url\":\"https:\\\/\\\/asteelflash.com\\\/wp-content\\\/uploads\\\/2017\\\/07\\\/bkg_talents.jpg\",\"contentUrl\":\"https:\\\/\\\/asteelflash.com\\\/wp-content\\\/uploads\\\/2017\\\/07\\\/bkg_talents.jpg\",\"width\":1280,\"height\":518},{\"@type\":\"BreadcrumbList\",\"@id\":\"https:\\\/\\\/asteelflash.com\\\/fr\\\/nos-talents\\\/#breadcrumb\",\"itemListElement\":[{\"@type\":\"ListItem\",\"position\":1,\"name\":\"Home\",\"item\":\"https:\\\/\\\/asteelflash.com\\\/fr\\\/\"},{\"@type\":\"ListItem\",\"position\":2,\"name\":\"Nous rejoindre\"}]},{\"@type\":\"WebSite\",\"@id\":\"https:\\\/\\\/asteelflash.com\\\/#website\",\"url\":\"https:\\\/\\\/asteelflash.com\\\/\",\"name\":\"Asteelflash\",\"description\":\"Expert EMS Company\",\"potentialAction\":[{\"@type\":\"SearchAction\",\"target\":{\"@type\":\"EntryPoint\",\"urlTemplate\":\"https:\\\/\\\/asteelflash.com\\\/?s={search_term_string}\"},\"query-input\":{\"@type\":\"PropertyValueSpecification\",\"valueRequired\":true,\"valueName\":\"search_term_string\"}}],\"inLanguage\":\"fr-FR\"}]}<\/script>\n<!-- \/ Yoast SEO plugin. -->","yoast_head_json":{"title":"Asteelflash - Talents & Carri?re","description":"D?couvrez les talents qui travaillent chez Asteelflash et devenez l'un d'entre eux #WeAreAsteelflash","robots":{"index":"index","follow":"follow","max-snippet":"max-snippet:-1","max-image-preview":"max-image-preview:large","max-video-preview":"max-video-preview:-1"},"canonical":"https:\/\/asteelflash.com\/fr\/nos-talents\/","og_locale":"fr_FR","og_type":"article","og_title":"Asteelflash - Talents & Carri?re","og_description":"D?couvrez les talents qui travaillent chez Asteelflash et devenez l'un d'entre eux #WeAreAsteelflash","og_url":"https:\/\/asteelflash.com\/fr\/nos-talents\/","og_site_name":"Asteelflash","article_modified_time":"2022-06-24T20:50:32+00:00","og_image":[{"width":1280,"height":518,"url":"https:\/\/asteelflash.com\/wp-content\/uploads\/2017\/07\/bkg_talents.jpg","type":"image\/jpeg"}],"twitter_card":"summary_large_image","twitter_misc":{"Dur\u00e9e de lecture estim\u00e9e":"1 minute"},"schema":{"@context":"https:\/\/schema.org","@graph":[{"@type":"WebPage","@id":"https:\/\/asteelflash.com\/fr\/nos-talents\/","url":"https:\/\/asteelflash.com\/fr\/nos-talents\/","name":"Asteelflash - Talents & Carri?re","isPartOf":{"@id":"https:\/\/asteelflash.com\/#website"},"primaryImageOfPage":{"@id":"https:\/\/asteelflash.com\/fr\/nos-talents\/#primaryimage"},"image":{"@id":"https:\/\/asteelflash.com\/fr\/nos-talents\/#primaryimage"},"thumbnailUrl":"https:\/\/asteelflash.com\/wp-content\/uploads\/2017\/07\/bkg_talents.jpg","datePublished":"2017-07-24T14:44:56+00:00","dateModified":"2022-06-24T20:50:32+00:00","description":"D?couvrez les talents qui travaillent chez Asteelflash et devenez l'un d'entre eux #WeAreAsteelflash","breadcrumb":{"@id":"https:\/\/asteelflash.com\/fr\/nos-talents\/#breadcrumb"},"inLanguage":"fr-FR","potentialAction":[{"@type":"ReadAction","target":["https:\/\/asteelflash.com\/fr\/nos-talents\/"]}]},{"@type":"ImageObject","inLanguage":"fr-FR","@id":"https:\/\/asteelflash.com\/fr\/nos-talents\/#primaryimage","url":"https:\/\/asteelflash.com\/wp-content\/uploads\/2017\/07\/bkg_talents.jpg","contentUrl":"https:\/\/asteelflash.com\/wp-content\/uploads\/2017\/07\/bkg_talents.jpg","width":1280,"height":518},{"@type":"BreadcrumbList","@id":"https:\/\/asteelflash.com\/fr\/nos-talents\/#breadcrumb","itemListElement":[{"@type":"ListItem","position":1,"name":"Home","item":"https:\/\/asteelflash.com\/fr\/"},{"@type":"ListItem","position":2,"name":"Nous rejoindre"}]},{"@type":"WebSite","@id":"https:\/\/asteelflash.com\/#website","url":"https:\/\/asteelflash.com\/","name":"Asteelflash","description":"Expert EMS Company","potentialAction":[{"@type":"SearchAction","target":{"@type":"EntryPoint","urlTemplate":"https:\/\/asteelflash.com\/?s={search_term_string}"},"query-input":{"@type":"PropertyValueSpecification","valueRequired":true,"valueName":"search_term_string"}}],"inLanguage":"fr-FR"}]}},"jetpack_sharing_enabled":true,"_links":{"self":[{"href":"https:\/\/asteelflash.com\/fr\/wp-json\/wp\/v2\/pages\/1736","targetHints":{"allow":["GET"]}}],"collection":[{"href":"https:\/\/asteelflash.com\/fr\/wp-json\/wp\/v2\/pages"}],"about":[{"href":"https:\/\/asteelflash.com\/fr\/wp-json\/wp\/v2\/types\/page"}],"author":[{"embeddable":true,"href":"https:\/\/asteelflash.com\/fr\/wp-json\/wp\/v2\/users\/33"}],"replies":[{"embeddable":true,"href":"https:\/\/asteelflash.com\/fr\/wp-json\/wp\/v2\/comments?post=1736"}],"version-history":[{"count":15,"href":"https:\/\/asteelflash.com\/fr\/wp-json\/wp\/v2\/pages\/1736\/revisions"}],"predecessor-version":[{"id":7460,"href":"https:\/\/asteelflash.com\/fr\/wp-json\/wp\/v2\/pages\/1736\/revisions\/7460"}],"wp:featuredmedia":[{"embeddable":true,"href":"https:\/\/asteelflash.com\/fr\/wp-json\/wp\/v2\/media\/612"}],"wp:attachment":[{"href":"https:\/\/asteelflash.com\/fr\/wp-json\/wp\/v2\/media?parent=1736"}],"wp:term":[{"taxonomy":"category","embeddable":true,"href":"https:\/\/asteelflash.com\/fr\/wp-json\/wp\/v2\/categories?post=1736"}],"curies":[{"name":"wp","href":"https:\/\/api.w.org\/{rel}","templated":true}]}}