{"id":4532,"date":"2018-08-08T17:20:10","date_gmt":"2018-08-08T21:20:10","guid":{"rendered":"https:\/\/www.asteelflash.com\/recruitment-privacy-policy\/"},"modified":"2018-08-08T17:21:32","modified_gmt":"2018-08-08T21:21:32","slug":"politique-de-confidentialite-recrutement","status":"publish","type":"page","link":"https:\/\/asteelflash.com\/fr\/politique-de-confidentialite-recrutement\/","title":{"rendered":"Politique de confidentialit\u00e9 &#8211; Recrutement"},"content":{"rendered":"<p><strong>Politique de confidentialit\u00e9 d\u2019Asteelflash relative au recrutement et \u00e0 l\u2019embauche<\/strong><\/p>\n<p>Si vous utilisez le formulaire de recrutement en ligne d\u2019Asteelflash, sachez que nous collectons les donn\u00e9es personnelles que vous saisissez sur notre site Web et que nous les utilisons en interne uniquement \u00e0 des fins de recrutement.<\/p>\n<p><strong>Donn\u00e9es personnelles collect\u00e9es par Asteelflash<\/strong><\/p>\n<p>Les cat\u00e9gories suivantes de donn\u00e9es seront g\u00e9n\u00e9ralement collect\u00e9es :<\/p>\n<ul>\n<li>Les donn\u00e9es soumises \u00e0 travers les CVs, les lettres de motivation;<\/li>\n<li>Les donn\u00e9es g\u00e9n\u00e9r\u00e9es dans le cadre des entretiens et par les recruteurs;<\/li>\n<li>Les recommandations fournies en votre nom par d\u2019autres ;<\/li>\n<li>Les donn\u00e9es relatives \u00e0 vos postes ant\u00e9rieurs, votre formation;<\/li>\n<\/ul>\n<p><strong>En soumettant vos donn\u00e9es personnelles, vous nous autorisez \u00e0 utiliser vos donn\u00e9es ainsi qu\u2019\u00e0 v\u00e9rifier leur exactitude.<\/strong><\/p>\n<p>En soumettant vos informations, vous reconnaissez avoir lu et compris ce qui pr\u00e9c\u00e8de, et acceptez que vos informations soient utilis\u00e9es tel que d\u00e9crit pr\u00e9c\u00e9demment.<\/p>\n<p><strong>Traitement de vos donn\u00e9es personnelles<\/strong><\/p>\n<p>Asteelflash utilisera vos donn\u00e9es personnelles pour \u00e9valuer votre aptitude \u00e0 occuper l\u2019emploi pour lequel vous postulez, ainsi que pour les futurs postes qui pourraient se lib\u00e9rer ;<\/p>\n<p><strong>Destinataires et stockage de vos donn\u00e9es personnelles <\/strong><\/p>\n<p>L\u2019acc\u00e8s \u00e0 vos donn\u00e9es personnelles sera restreint de mani\u00e8re \u00e0 r\u00e9duire le nombre de collaborateurs au sein d\u2019Asteelflash qui en ont besoin afin d\u2019\u00e9valuer votre candidature, de r\u00e9aliser des t\u00e2ches accompagnant nos services de recrutement et de gestion des talents.<\/p>\n<p>Les cat\u00e9gories de personnes qui auront acc\u00e8s \u00e0 vos donn\u00e9es personnelles sont les suivantes :<\/p>\n<ul>\n<li>Les D\u00e9partements RH qui travaillent avec le pays o\u00f9 se trouve le poste pour lequel vous postulez.<\/li>\n<li>Des personnes assurant des fonctions administratives et d\u2019assistance informatique ;<\/li>\n<li>Les membres autoris\u00e9s de nos fournisseurs de services, dont :\n<ul>\n<li>Fournisseur de site internet, qui h\u00e9berge et supporte le site internet Asteelflash;<\/li>\n<\/ul>\n<\/li>\n<li>Toute autorit\u00e9 judiciaire ou administrative qui en vertu d\u2019une loi ou d\u2019un r\u00e8glement en demanderait la communication (litige notamment)<\/li>\n<\/ul>\n<p><strong>Dur\u00e9e de conservation de vos donn\u00e9es personnelles<\/strong><\/p>\n<p>Si une offre de recrutement vous est faite par Asteelflash et que vous l\u2019acceptez, vos donn\u00e9es personnelles recueillies au cours de la p\u00e9riode de pr\u00e9-s\u00e9lection int\u00e9greront les archives d\u2019Asteelflash relatives \u00e0 ses collaborateurs, et elles seront conserv\u00e9es tout au long d\u2019une certaine p\u00e9riode \u00e0 partir de votre recrutement chez Asteelflash. Si votre candidature n\u2019aboutit pas, Asteelflash peut toutefois conserver et utiliser vos donn\u00e9es personnelles collect\u00e9es au cours du processus de recrutement en vue de vous prendre en consid\u00e9ration pour de nouvelles opportunit\u00e9s d\u2019embauche. La dur\u00e9e de conservation qui varie en fonction des pays, ne pourra pas exc\u00e9der 12 mois.<\/p>\n<p><strong>Protection de vos donn\u00e9es.<\/strong><\/p>\n<p>Asteelflash met en \u0153uvre des mesures de s\u00e9curit\u00e9 organisationnelles, techniques et physiques afin de prot\u00e9ger vos donn\u00e9es contre la fuite ou la perte.<strong>\u00a0<\/strong><\/p>\n<p><strong>Acc\u00e8s \u00e0 vos donn\u00e9es<\/strong><\/p>\n<p>Vous pouvez acc\u00e9der aux informations vous concernant, les rectifier ou les supprimer en vous adressant \u00a0\u00e0 : <a href=\"mailto:personal.data@asteelflash.com\">personal.data@asteelflash.com<\/a><\/p>\n","protected":false},"excerpt":{"rendered":"<p>Politique de confidentialit\u00e9 d\u2019Asteelflash relative au recrutement et \u00e0 l\u2019embauche Si vous utilisez le formulaire de recrutement en ligne d\u2019Asteelflash, sachez que nous collectons les donn\u00e9es personnelles que vous saisissez sur notre site Web et que nous les utilisons en interne uniquement \u00e0 des fins de recrutement. Donn\u00e9es personnelles collect\u00e9es par Asteelflash Les cat\u00e9gories suivantes<a class=\"excerpt-read-more\" href=\"https:\/\/asteelflash.com\/fr\/politique-de-confidentialite-recrutement\/\" title=\"ReadPolitique de confidentialit\u00e9 &#8211; Recrutement\">&#8230; Read more &raquo;<\/a><\/p>\n","protected":false},"author":33,"featured_media":0,"parent":0,"menu_order":0,"comment_status":"closed","ping_status":"closed","template":"page--simple.php","meta":{"content-type":"","footnotes":""},"categories":[],"class_list":["post-4532","page","type-page","status-publish","hentry"],"acf":[],"yoast_head":"<!-- This site is optimized with the Yoast SEO plugin v27.3 - https:\/\/yoast.com\/product\/yoast-seo-wordpress\/ -->\n<title>Politique de confidentialit\u00e9 - Recrutement - Asteelflash<\/title>\n<meta name=\"robots\" content=\"index, follow, max-snippet:-1, max-image-preview:large, max-video-preview:-1\" \/>\n<link rel=\"canonical\" href=\"https:\/\/asteelflash.com\/fr\/politique-de-confidentialite-recrutement\/\" \/>\n<meta property=\"og:locale\" content=\"fr_FR\" \/>\n<meta property=\"og:type\" content=\"article\" \/>\n<meta property=\"og:title\" content=\"Politique de confidentialit\u00e9 - Recrutement - Asteelflash\" \/>\n<meta property=\"og:description\" content=\"Politique de confidentialit\u00e9 d\u2019Asteelflash relative au recrutement et \u00e0 l\u2019embauche Si vous utilisez le formulaire de recrutement en ligne d\u2019Asteelflash, sachez que nous collectons les donn\u00e9es personnelles que vous saisissez sur notre site Web et que nous les utilisons en interne uniquement \u00e0 des fins de recrutement. Donn\u00e9es personnelles collect\u00e9es par Asteelflash Les cat\u00e9gories suivantes... Read more &raquo;\" \/>\n<meta property=\"og:url\" content=\"https:\/\/asteelflash.com\/fr\/politique-de-confidentialite-recrutement\/\" \/>\n<meta property=\"og:site_name\" content=\"Asteelflash\" \/>\n<meta property=\"article:modified_time\" content=\"2018-08-08T21:21:32+00:00\" \/>\n<meta name=\"twitter:card\" content=\"summary_large_image\" \/>\n<meta name=\"twitter:label1\" content=\"Dur\u00e9e de lecture estim\u00e9e\" \/>\n\t<meta name=\"twitter:data1\" content=\"3 minutes\" \/>\n<script type=\"application\/ld+json\" class=\"yoast-schema-graph\">{\"@context\":\"https:\\\/\\\/schema.org\",\"@graph\":[{\"@type\":\"WebPage\",\"@id\":\"https:\\\/\\\/asteelflash.com\\\/fr\\\/politique-de-confidentialite-recrutement\\\/\",\"url\":\"https:\\\/\\\/asteelflash.com\\\/fr\\\/politique-de-confidentialite-recrutement\\\/\",\"name\":\"Politique de confidentialit\u00e9 - Recrutement - Asteelflash\",\"isPartOf\":{\"@id\":\"https:\\\/\\\/asteelflash.com\\\/#website\"},\"datePublished\":\"2018-08-08T21:20:10+00:00\",\"dateModified\":\"2018-08-08T21:21:32+00:00\",\"breadcrumb\":{\"@id\":\"https:\\\/\\\/asteelflash.com\\\/fr\\\/politique-de-confidentialite-recrutement\\\/#breadcrumb\"},\"inLanguage\":\"fr-FR\",\"potentialAction\":[{\"@type\":\"ReadAction\",\"target\":[\"https:\\\/\\\/asteelflash.com\\\/fr\\\/politique-de-confidentialite-recrutement\\\/\"]}]},{\"@type\":\"BreadcrumbList\",\"@id\":\"https:\\\/\\\/asteelflash.com\\\/fr\\\/politique-de-confidentialite-recrutement\\\/#breadcrumb\",\"itemListElement\":[{\"@type\":\"ListItem\",\"position\":1,\"name\":\"Home\",\"item\":\"https:\\\/\\\/asteelflash.com\\\/fr\\\/\"},{\"@type\":\"ListItem\",\"position\":2,\"name\":\"Politique de confidentialit\u00e9 &#8211; Recrutement\"}]},{\"@type\":\"WebSite\",\"@id\":\"https:\\\/\\\/asteelflash.com\\\/#website\",\"url\":\"https:\\\/\\\/asteelflash.com\\\/\",\"name\":\"Asteelflash\",\"description\":\"Expert EMS Company\",\"potentialAction\":[{\"@type\":\"SearchAction\",\"target\":{\"@type\":\"EntryPoint\",\"urlTemplate\":\"https:\\\/\\\/asteelflash.com\\\/?s={search_term_string}\"},\"query-input\":{\"@type\":\"PropertyValueSpecification\",\"valueRequired\":true,\"valueName\":\"search_term_string\"}}],\"inLanguage\":\"fr-FR\"}]}<\/script>\n<!-- \/ Yoast SEO plugin. -->","yoast_head_json":{"title":"Politique de confidentialit\u00e9 - Recrutement - Asteelflash","robots":{"index":"index","follow":"follow","max-snippet":"max-snippet:-1","max-image-preview":"max-image-preview:large","max-video-preview":"max-video-preview:-1"},"canonical":"https:\/\/asteelflash.com\/fr\/politique-de-confidentialite-recrutement\/","og_locale":"fr_FR","og_type":"article","og_title":"Politique de confidentialit\u00e9 - Recrutement - Asteelflash","og_description":"Politique de confidentialit\u00e9 d\u2019Asteelflash relative au recrutement et \u00e0 l\u2019embauche Si vous utilisez le formulaire de recrutement en ligne d\u2019Asteelflash, sachez que nous collectons les donn\u00e9es personnelles que vous saisissez sur notre site Web et que nous les utilisons en interne uniquement \u00e0 des fins de recrutement. Donn\u00e9es personnelles collect\u00e9es par Asteelflash Les cat\u00e9gories suivantes... Read more &raquo;","og_url":"https:\/\/asteelflash.com\/fr\/politique-de-confidentialite-recrutement\/","og_site_name":"Asteelflash","article_modified_time":"2018-08-08T21:21:32+00:00","twitter_card":"summary_large_image","twitter_misc":{"Dur\u00e9e de lecture estim\u00e9e":"3 minutes"},"schema":{"@context":"https:\/\/schema.org","@graph":[{"@type":"WebPage","@id":"https:\/\/asteelflash.com\/fr\/politique-de-confidentialite-recrutement\/","url":"https:\/\/asteelflash.com\/fr\/politique-de-confidentialite-recrutement\/","name":"Politique de confidentialit\u00e9 - Recrutement - Asteelflash","isPartOf":{"@id":"https:\/\/asteelflash.com\/#website"},"datePublished":"2018-08-08T21:20:10+00:00","dateModified":"2018-08-08T21:21:32+00:00","breadcrumb":{"@id":"https:\/\/asteelflash.com\/fr\/politique-de-confidentialite-recrutement\/#breadcrumb"},"inLanguage":"fr-FR","potentialAction":[{"@type":"ReadAction","target":["https:\/\/asteelflash.com\/fr\/politique-de-confidentialite-recrutement\/"]}]},{"@type":"BreadcrumbList","@id":"https:\/\/asteelflash.com\/fr\/politique-de-confidentialite-recrutement\/#breadcrumb","itemListElement":[{"@type":"ListItem","position":1,"name":"Home","item":"https:\/\/asteelflash.com\/fr\/"},{"@type":"ListItem","position":2,"name":"Politique de confidentialit\u00e9 &#8211; Recrutement"}]},{"@type":"WebSite","@id":"https:\/\/asteelflash.com\/#website","url":"https:\/\/asteelflash.com\/","name":"Asteelflash","description":"Expert EMS Company","potentialAction":[{"@type":"SearchAction","target":{"@type":"EntryPoint","urlTemplate":"https:\/\/asteelflash.com\/?s={search_term_string}"},"query-input":{"@type":"PropertyValueSpecification","valueRequired":true,"valueName":"search_term_string"}}],"inLanguage":"fr-FR"}]}},"jetpack_sharing_enabled":true,"_links":{"self":[{"href":"https:\/\/asteelflash.com\/fr\/wp-json\/wp\/v2\/pages\/4532","targetHints":{"allow":["GET"]}}],"collection":[{"href":"https:\/\/asteelflash.com\/fr\/wp-json\/wp\/v2\/pages"}],"about":[{"href":"https:\/\/asteelflash.com\/fr\/wp-json\/wp\/v2\/types\/page"}],"author":[{"embeddable":true,"href":"https:\/\/asteelflash.com\/fr\/wp-json\/wp\/v2\/users\/33"}],"replies":[{"embeddable":true,"href":"https:\/\/asteelflash.com\/fr\/wp-json\/wp\/v2\/comments?post=4532"}],"version-history":[{"count":1,"href":"https:\/\/asteelflash.com\/fr\/wp-json\/wp\/v2\/pages\/4532\/revisions"}],"predecessor-version":[{"id":4533,"href":"https:\/\/asteelflash.com\/fr\/wp-json\/wp\/v2\/pages\/4532\/revisions\/4533"}],"wp:attachment":[{"href":"https:\/\/asteelflash.com\/fr\/wp-json\/wp\/v2\/media?parent=4532"}],"wp:term":[{"taxonomy":"category","embeddable":true,"href":"https:\/\/asteelflash.com\/fr\/wp-json\/wp\/v2\/categories?post=4532"}],"curies":[{"name":"wp","href":"https:\/\/api.w.org\/{rel}","templated":true}]}}